{"id":275,"date":"2019-08-30T10:33:47","date_gmt":"2019-08-30T13:33:47","guid":{"rendered":"https:\/\/boaletti.com.br\/?page_id=275"},"modified":"2024-08-11T03:32:22","modified_gmt":"2024-08-11T06:32:22","slug":"about","status":"publish","type":"page","link":"https:\/\/boaletti.com.br\/?page_id=275","title":{"rendered":"About"},"content":{"rendered":"\t\t<div data-elementor-type=\"wp-page\" data-elementor-id=\"275\" class=\"elementor elementor-275\">\n\t\t\t\t\t\t<section class=\"elementor-section elementor-top-section elementor-element elementor-element-d761d1d elementor-reverse-mobile elementor-section-full_width elementor-section-height-default elementor-section-height-default\" data-id=\"d761d1d\" data-element_type=\"section\">\n\t\t\t\t\t\t<div class=\"elementor-container elementor-column-gap-default\">\n\t\t\t\t\t<div class=\"aux-parallax-section elementor-column elementor-col-50 elementor-top-column elementor-element elementor-element-e724038\" data-id=\"e724038\" data-element_type=\"column\" data-settings=\"{&quot;background_background&quot;:&quot;classic&quot;}\">\n\t\t\t<div class=\"elementor-widget-wrap elementor-element-populated\">\n\t\t\t\t\t\t<div class=\"elementor-element elementor-element-5382bc9 aux-appear-watch-animation aux-fade-in-up elementor-widget elementor-widget-aux_modern_heading\" data-id=\"5382bc9\" data-element_type=\"widget\" data-widget_type=\"aux_modern_heading.default\">\n\t\t\t\t<div class=\"elementor-widget-container\">\n\t\t\t<section class=\"aux-widget-modern-heading\">\n            <div class=\"aux-widget-inner\"><h2 class=\"aux-modern-heading-primary\">\nQuem Somos <\/h2><\/div>\n        <\/section>\t\t<\/div>\n\t\t\t\t<\/div>\n\t\t\t\t\t<\/div>\n\t\t<\/div>\n\t\t\t\t<div class=\"aux-parallax-section elementor-column elementor-col-50 elementor-top-column elementor-element elementor-element-ce0699f\" data-id=\"ce0699f\" data-element_type=\"column\">\n\t\t\t<div class=\"elementor-widget-wrap elementor-element-populated\">\n\t\t\t\t\t\t<div class=\"elementor-element elementor-element-b333bbc aux-appear-watch-animation aux-fade-in elementor-widget elementor-widget-aux_image\" data-id=\"b333bbc\" data-element_type=\"widget\" data-widget_type=\"aux_image.default\">\n\t\t\t\t<div class=\"elementor-widget-container\">\n\t\t\t<section class=\"widget-container aux-widget-image aux-alignnone aux-parent-au27e431e0\">\n    <div class=\"aux-media-hint-frame \">\n        <div class=\"aux-media-image \" >\n        \n            \n\n            \n            <img fetchpriority=\"high\" decoding=\"async\" width=\"768\" height=\"471\" src=\"https:\/\/boaletti.com.br\/wp-content\/uploads\/2024\/08\/consertos_boaletti-40x40.jpg\" class=\"aux-attachment aux-featured-image aux-attachment-id-404 aux-preload aux-has-preview\" alt=\"consertos_boaletti\" data-ratio=\"1\" data-original-w=\"900\" sizes=\"auto\" data-srcset=\"https:\/\/boaletti.com.br\/wp-content\/uploads\/2024\/08\/consertos_boaletti-150x150.jpg 150w,https:\/\/boaletti.com.br\/wp-content\/uploads\/2024\/08\/consertos_boaletti-300x300.jpg 300w,https:\/\/boaletti.com.br\/wp-content\/uploads\/2024\/08\/consertos_boaletti-768x471.jpg 768w,https:\/\/boaletti.com.br\/wp-content\/uploads\/2024\/08\/consertos_boaletti.jpg 768w\" data-src=\"https:\/\/boaletti.com.br\/wp-content\/uploads\/2024\/08\/consertos_boaletti.jpg\" \/>            \n                <\/div>\n    <\/div>\n\n<\/section><!-- widget-container -->\t\t<\/div>\n\t\t\t\t<\/div>\n\t\t\t\t\t<\/div>\n\t\t<\/div>\n\t\t\t\t\t<\/div>\n\t\t<\/section>\n\t\t\t\t<section class=\"elementor-section elementor-top-section elementor-element elementor-element-c26c61e elementor-section-boxed elementor-section-height-default elementor-section-height-default\" data-id=\"c26c61e\" data-element_type=\"section\">\n\t\t\t\t\t\t<div class=\"elementor-container elementor-column-gap-no\">\n\t\t\t\t\t<div class=\"aux-parallax-section elementor-column elementor-col-100 elementor-top-column elementor-element elementor-element-6095208\" data-id=\"6095208\" data-element_type=\"column\">\n\t\t\t<div class=\"elementor-widget-wrap elementor-element-populated\">\n\t\t\t\t\t\t<div class=\"elementor-element elementor-element-d070f67 aux-appear-watch-animation aux-fade-in elementor-widget elementor-widget-aux_modern_heading\" data-id=\"d070f67\" data-element_type=\"widget\" data-widget_type=\"aux_modern_heading.default\">\n\t\t\t\t<div class=\"elementor-widget-container\">\n\t\t\t<section class=\"aux-widget-modern-heading\">\n            <div class=\"aux-widget-inner\"><h2 class=\"aux-modern-heading-primary\">A Eletr\u00f4nica Boaletti<\/h2><div class=\"aux-modern-heading-description\"><p>com CNPJ n\u00ba 62.912.555\/0001-67, foi fundada em 02 de maio de 1990 e est\u00e1 estrategicamente localizada no Bairro do Tatuap\u00e9, na Rua Serra de Bragan\u00e7a, n\u00ba 1.515. Contamos com uma equipe dedicada, pronta para atender voc\u00ea pelos telefones (11) 2097-2737 e (11) 98603-4199 (WhatsApp).<\/p><p>Nossa jornada na \u00e1rea t\u00e9cnica em eletr\u00f4nica come\u00e7ou em agosto de 1994. Ap\u00f3s adquirir a empresa em 25 de julho de 2014, trazemos uma vasta experi\u00eancia, refor\u00e7ada por anos de trabalho em autorizadas LG e Philips na SOS Eletr\u00f4nica, localizada na zona norte.<\/p><p>A Service Boaletti Eletro Eletr\u00f4nico EIRELI se destaca como assist\u00eancia t\u00e9cnica especializada h\u00e1 mais de 30 anos. Oferecemos servi\u00e7os de manuten\u00e7\u00e3o e reparo em uma ampla gama de aparelhos, incluindo:<\/p><ul><li><strong>Eletroport\u00e1teis<\/strong>: cafeteiras el\u00e9tricas de c\u00e1psula, aspiradores, aquecedores port\u00e1teis, climatizadores port\u00e1teis e muito mais.<\/li><li><strong>Eletroeletr\u00f4nicos<\/strong>: TVs, home theaters, fornos de micro-ondas, fornos el\u00e9tricos, amplificadores, subwoofers, caixas de som, torres de som, adegas e filtros de \u00e1gua eletr\u00f4nicos.<\/li><\/ul><p>Na Eletr\u00f4nica Boaletti, nosso compromisso \u00e9 garantir a efici\u00eancia e a qualidade dos seus aparelhos, proporcionando conforto e tranquilidade para nossos clientes. Confie em nossa expertise para manter seus dispositivos sempre em perfeito funcionamento.<\/p><\/div><\/div>\n        <\/section>\t\t<\/div>\n\t\t\t\t<\/div>\n\t\t\t\t\t<\/div>\n\t\t<\/div>\n\t\t\t\t\t<\/div>\n\t\t<\/section>\n\t\t\t\t<section class=\"elementor-section elementor-top-section elementor-element elementor-element-a3b8893 elementor-section-boxed elementor-section-height-default elementor-section-height-default\" data-id=\"a3b8893\" data-element_type=\"section\">\n\t\t\t\t\t\t<div class=\"elementor-container elementor-column-gap-no\">\n\t\t\t\t\t<div class=\"aux-parallax-section elementor-column elementor-col-100 elementor-top-column elementor-element elementor-element-4bbd502\" data-id=\"4bbd502\" data-element_type=\"column\">\n\t\t\t<div class=\"elementor-widget-wrap elementor-element-populated\">\n\t\t\t\t\t\t<div class=\"elementor-element elementor-element-526bc31 aux-appear-watch-animation aux-fade-in elementor-widget elementor-widget-aux_modern_heading\" data-id=\"526bc31\" data-element_type=\"widget\" data-widget_type=\"aux_modern_heading.default\">\n\t\t\t\t<div class=\"elementor-widget-container\">\n\t\t\t<section class=\"aux-widget-modern-heading\">\n            <div class=\"aux-widget-inner\"><h2 class=\"aux-modern-heading-primary\">Nosso time<\/h2><\/div>\n        <\/section>\t\t<\/div>\n\t\t\t\t<\/div>\n\t\t\t\t<section class=\"elementor-section elementor-inner-section elementor-element elementor-element-dcb5866 elementor-section-boxed elementor-section-height-default elementor-section-height-default\" data-id=\"dcb5866\" data-element_type=\"section\">\n\t\t\t\t\t\t<div class=\"elementor-container elementor-column-gap-default\">\n\t\t\t\t\t<div class=\"aux-parallax-section elementor-column elementor-col-50 elementor-inner-column elementor-element elementor-element-7361a21 aux-appear-watch-animation aux-scale-down\" data-id=\"7361a21\" data-element_type=\"column\">\n\t\t\t<div class=\"elementor-widget-wrap elementor-element-populated\">\n\t\t\t\t\t\t<div class=\"elementor-element elementor-element-1f3d960 elementor-widget elementor-widget-aux_image\" data-id=\"1f3d960\" data-element_type=\"widget\" data-widget_type=\"aux_image.default\">\n\t\t\t\t<div class=\"elementor-widget-container\">\n\t\t\t<section class=\"widget-container aux-widget-image aux-alignnone aux-parent-au61288d0b\">\n    <div class=\"aux-media-hint-frame \">\n        <div class=\"aux-media-image \" >\n        \n            \n\n            \n            <img decoding=\"async\" width=\"350\" height=\"350\" src=\"https:\/\/boaletti.com.br\/wp-content\/uploads\/2024\/08\/Cleia-40x56.jpeg\" class=\"aux-attachment aux-featured-image aux-attachment-id-411 aux-preload aux-has-preview\" alt=\"Cleia\" data-ratio=\"0.71\" data-original-w=\"350\" sizes=\"auto\" data-srcset=\"https:\/\/boaletti.com.br\/wp-content\/uploads\/2024\/08\/Cleia-150x210.jpeg 150w,https:\/\/boaletti.com.br\/wp-content\/uploads\/2024\/08\/Cleia-300x420.jpeg 300w,https:\/\/boaletti.com.br\/wp-content\/uploads\/2024\/08\/Cleia.jpeg 350w\" data-src=\"https:\/\/boaletti.com.br\/wp-content\/uploads\/2024\/08\/Cleia.jpeg\" \/>            \n                <\/div>\n    <\/div>\n\n<\/section><!-- widget-container -->\t\t<\/div>\n\t\t\t\t<\/div>\n\t\t\t\t<div class=\"elementor-element elementor-element-c4cdb4b elementor-widget elementor-widget-aux_modern_heading\" data-id=\"c4cdb4b\" data-element_type=\"widget\" data-widget_type=\"aux_modern_heading.default\">\n\t\t\t\t<div class=\"elementor-widget-container\">\n\t\t\t<section class=\"aux-widget-modern-heading\">\n            <div class=\"aux-widget-inner\"><h2 class=\"aux-modern-heading-primary\">Cleia<\/h2><h3 class=\"aux-modern-heading-secondary\"><span class=\"aux-head-before\">Atendimento<\/span><\/h3><\/div>\n        <\/section>\t\t<\/div>\n\t\t\t\t<\/div>\n\t\t\t\t\t<\/div>\n\t\t<\/div>\n\t\t\t\t<div class=\"aux-parallax-section elementor-column elementor-col-50 elementor-inner-column elementor-element elementor-element-59dcd0b aux-appear-watch-animation aux-scale-down\" data-id=\"59dcd0b\" data-element_type=\"column\">\n\t\t\t<div class=\"elementor-widget-wrap elementor-element-populated\">\n\t\t\t\t\t\t<div class=\"elementor-element elementor-element-5219868 elementor-widget elementor-widget-aux_image\" data-id=\"5219868\" data-element_type=\"widget\" data-widget_type=\"aux_image.default\">\n\t\t\t\t<div class=\"elementor-widget-container\">\n\t\t\t<section class=\"widget-container aux-widget-image aux-alignnone aux-parent-aud6f10132\">\n    <div class=\"aux-media-hint-frame \">\n        <div class=\"aux-media-image \" >\n        \n            \n\n            \n            <img decoding=\"async\" width=\"350\" height=\"350\" src=\"https:\/\/boaletti.com.br\/wp-content\/uploads\/2024\/08\/Joao-40x56.jpeg\" class=\"aux-attachment aux-featured-image aux-attachment-id-412 aux-preload aux-has-preview\" alt=\"Joao\" data-ratio=\"0.71\" data-original-w=\"350\" sizes=\"auto\" data-srcset=\"https:\/\/boaletti.com.br\/wp-content\/uploads\/2024\/08\/Joao-150x210.jpeg 150w,https:\/\/boaletti.com.br\/wp-content\/uploads\/2024\/08\/Joao-300x420.jpeg 300w,https:\/\/boaletti.com.br\/wp-content\/uploads\/2024\/08\/Joao.jpeg 350w\" data-src=\"https:\/\/boaletti.com.br\/wp-content\/uploads\/2024\/08\/Joao.jpeg\" \/>            \n                <\/div>\n    <\/div>\n\n<\/section><!-- widget-container -->\t\t<\/div>\n\t\t\t\t<\/div>\n\t\t\t\t<div class=\"elementor-element elementor-element-c67c4c2 elementor-widget elementor-widget-aux_modern_heading\" data-id=\"c67c4c2\" data-element_type=\"widget\" data-widget_type=\"aux_modern_heading.default\">\n\t\t\t\t<div class=\"elementor-widget-container\">\n\t\t\t<section class=\"aux-widget-modern-heading\">\n            <div class=\"aux-widget-inner\"><h2 class=\"aux-modern-heading-primary\">Jo\u00e3o<\/h2><h3 class=\"aux-modern-heading-secondary\"><span class=\"aux-head-before\">T\u00e9cnico Especialista<\/span><\/h3><\/div>\n        <\/section>\t\t<\/div>\n\t\t\t\t<\/div>\n\t\t\t\t\t<\/div>\n\t\t<\/div>\n\t\t\t\t\t<\/div>\n\t\t<\/section>\n\t\t\t\t\t<\/div>\n\t\t<\/div>\n\t\t\t\t\t<\/div>\n\t\t<\/section>\n\t\t\t\t<\/div>\n\t\t","protected":false},"excerpt":{"rendered":"<p>Quem Somos A Eletr\u00f4nica Boaletti com CNPJ n\u00ba 62.912.555\/0001-67, foi fundada em 02 de maio de 1990 e est\u00e1 estrategicamente localizada no Bairro do Tatuap\u00e9, na Rua Serra de Bragan\u00e7a, n\u00ba 1.515. Contamos com uma equipe dedicada, pronta para atender voc\u00ea pelos telefones (11) 2097-2737 e (11) 98603-4199 (WhatsApp). Nossa jornada na \u00e1rea t\u00e9cnica em [&hellip;]<\/p>\n","protected":false},"author":1,"featured_media":0,"parent":0,"menu_order":0,"comment_status":"closed","ping_status":"closed","template":"templates\/page-builder-content.php","meta":{"footnotes":""},"class_list":["post-275","page","type-page","status-publish","hentry"],"_links":{"self":[{"href":"https:\/\/boaletti.com.br\/index.php?rest_route=\/wp\/v2\/pages\/275","targetHints":{"allow":["GET"]}}],"collection":[{"href":"https:\/\/boaletti.com.br\/index.php?rest_route=\/wp\/v2\/pages"}],"about":[{"href":"https:\/\/boaletti.com.br\/index.php?rest_route=\/wp\/v2\/types\/page"}],"author":[{"embeddable":true,"href":"https:\/\/boaletti.com.br\/index.php?rest_route=\/wp\/v2\/users\/1"}],"replies":[{"embeddable":true,"href":"https:\/\/boaletti.com.br\/index.php?rest_route=%2Fwp%2Fv2%2Fcomments&post=275"}],"version-history":[{"count":9,"href":"https:\/\/boaletti.com.br\/index.php?rest_route=\/wp\/v2\/pages\/275\/revisions"}],"predecessor-version":[{"id":415,"href":"https:\/\/boaletti.com.br\/index.php?rest_route=\/wp\/v2\/pages\/275\/revisions\/415"}],"wp:attachment":[{"href":"https:\/\/boaletti.com.br\/index.php?rest_route=%2Fwp%2Fv2%2Fmedia&parent=275"}],"curies":[{"name":"wp","href":"https:\/\/api.w.org\/{rel}","templated":true}]}}